{"id":589,"date":"2020-07-15T23:37:18","date_gmt":"2020-07-15T23:37:18","guid":{"rendered":"https:\/\/www.lisboainvestments.com\/us\/?page_id=589"},"modified":"2023-04-05T21:43:32","modified_gmt":"2023-04-05T21:43:32","slug":"home","status":"publish","type":"page","link":"https:\/\/lisboainvestments.com\/us\/","title":{"rendered":"Homepage US"},"content":{"rendered":"<p>slider<\/p>\n<p><video width=\"900\" height=\"450\" controls autoplay=\"autoplay\" loop ><source src=\"https:\/\/lisboainvestments.b-cdn.net\/wp-content\/uploads\/2022\/11\/Banner-3mb.mp4\" type=\"video\/mp4\">Your browser does not support the video tag.<\/video><\/p>\n<p>Heading<\/p>\n<h2 style=\"font-size: 45px; font-weight: 600; line-height: 65px;\">O nosso foco \u00e9 criar e desenvolver empresas<\/h2>\n<h2 style=\"font-size: 45px; font-weight: 600; line-height: 65px;\">inovadoras, rent\u00e1veis e <span style=\"color: #00cc99;\">felizes! <\/span><\/h2>\n<hr class=\"no_line\" style=\"margin: 0 auto 15px auto\"\/>\n\n<h4>Ajudamo-lo passo a passo, em cada etapa do seu neg\u00f3cio.<\/h4>\n<h4>Desde a cria\u00e7\u00e3o e desenvolvimento do projeto at\u00e9 \u00e0 internacionaliza\u00e7\u00e3o da empresa.<\/h4>\n<h4>Estamos consigo ao longo de todo o processo.<\/h4>\n<hr class=\"no_line\" style=\"margin: 0 auto 35px auto\"\/>\n\n<p>center<\/p>\n<p>no-repeat;center top;;<\/p>\n<p>auto<\/p>\n<p>0 5%<\/p>\n<p>fadeIn<\/p>\n<p>h4<\/p>\n<h4 style=\"color: #00cc99; font-weight: 500;\">1.Diagn\u00f3stico&lt;\/h4 &gt;<\/h4>\n<h6>Queremos conhec\u00ea-lo. Explorar consigo as motiva\u00e7\u00f5es e os objetivos da sua ideia de neg\u00f3cio. Com base em toda a informa\u00e7\u00e3o analisada, realizamos um diagn\u00f3stico claro e conciso. Ajudamo-lo a transformar a sua ideia num neg\u00f3cio de sucesso.<\/h6>\n<p>icon-search-line<\/p>\n<p>top<\/p>\n<p>bounceIn<\/p>\n<p>h4<\/p>\n<h4 style=\"color: #00cc99; font-weight: 500;\">2.Roadmap&lt;\/h4 &gt;<\/h4>\n<h6>Criamos o Roadmap em parceria consigo: um plano com metas concretas e prazos bem definidos. O Roadmap \u00e9 uma ferramenta importante, para que n\u00e3o se desvie do seu caminho. \u00c9 concebido com objetivos claros e bem estruturados, que facilitam na execu\u00e7\u00e3o.<\/h6>\n<p>icon-direction<\/p>\n<p>top<\/p>\n<p>bounceIn<\/p>\n<p>h4<\/p>\n<h4 style=\"color: #00cc99; font-weight: 500;\">3.Acelera\u00e7\u00e3o&lt;\/h4 &gt;<\/h4>\n<h6>Aceleramos o crescimento do seu neg\u00f3cio. Assente numa estrutura s\u00f3lida e com as ferramentas adequadas, tornamo-lo mais atrativo para os investidores, parceiros e clientes.<\/h6>\n<p>icon-rocket<\/p>\n<p>top<\/p>\n<p>bounceIn<\/p>\n<p>Heading<\/p>\n<h2 style=\"font-size: 45px; font-weight: 600; line-height: 65px;\">Conhe\u00e7a as nossas solu\u00e7\u00f5es<\/h2>\n<hr class=\"no_line\" style=\"margin: 0 auto 15px auto\"\/>\n\n<h4>Criamos valor atrav\u00e9s de um conjunto de metodologias pr\u00e1ticas e eficazes. Baseamos o nosso trabalho em muitos anos de experi\u00eancia e verdadeira paix\u00e3o pelo que fazemos. Com empenho e dedica\u00e7\u00e3o transformamos ideias em neg\u00f3cios de sucesso.<\/h4>\n<hr class=\"no_line\" style=\"margin: 0 auto 35px auto\"\/>\n\n<p>center<\/p>\n<p>no-repeat;center top;;<\/p>\n<p>auto<\/p>\n<p>0 5%<\/p>\n<p>fadeIn<\/p>\n<p>-1<\/p>\n<p>masonry tiles<\/p>\n<p>3<\/p>\n<p>servicos<\/p>\n<p>238<\/p>\n<p>FOLLOW US ON INSTAGRAN<\/p>\n<p>date<\/p>\n<p>DESC<\/p>\n<p>depoiments<\/p>\n","protected":false},"excerpt":{"rendered":"<p>slider Your browser does not support the video tag. Heading O nosso foco \u00e9 criar e desenvolver empresas inovadoras, rent\u00e1veis e felizes! Ajudamo-lo passo a passo,<span class=\"excerpt-hellip\"> [\u2026]<\/span><\/p>\n","protected":false},"author":2,"featured_media":0,"parent":0,"menu_order":0,"comment_status":"open","ping_status":"open","template":"","meta":{"_monsterinsights_skip_tracking":false,"_monsterinsights_sitenote_active":false,"_monsterinsights_sitenote_note":"","_monsterinsights_sitenote_category":0},"yoast_head":"<!-- This site is optimized with the Yoast SEO plugin v21.6 - https:\/\/yoast.com\/wordpress\/plugins\/seo\/ -->\n<title>Lisboa Investments &#8212; Consultora de gest\u00e3o de empresas<\/title>\n<meta name=\"description\" content=\"A Lisboa Investments \u00e9 uma consultora independente especializada em consultoria de gest\u00e3o e angaria\u00e7\u00e3o de capital.Transformamos ideias em neg\u00f3cios de sucesso\" \/>\n<meta name=\"robots\" content=\"index, follow, max-snippet:-1, max-image-preview:large, max-video-preview:-1\" \/>\n<link rel=\"canonical\" href=\"https:\/\/lisboainvestments.com\/us\/\" \/>\n<meta property=\"og:locale\" content=\"pt_PT\" \/>\n<meta property=\"og:type\" content=\"article\" \/>\n<meta property=\"og:title\" content=\"Lisboa Investments &#8212; Consultora de gest\u00e3o de empresas\" \/>\n<meta property=\"og:description\" content=\"A Lisboa Investments \u00e9 uma consultora independente especializada em consultoria de gest\u00e3o e angaria\u00e7\u00e3o de capital.Transformamos ideias em neg\u00f3cios de sucesso\" \/>\n<meta property=\"og:url\" content=\"https:\/\/lisboainvestments.com\/us\/\" \/>\n<meta property=\"og:site_name\" content=\"Lisboa Investments\" \/>\n<meta property=\"article:publisher\" content=\"https:\/\/www.facebook.com\/Lisboa-Investments-553177191777294\/\" \/>\n<meta property=\"article:modified_time\" content=\"2023-04-05T21:43:32+00:00\" \/>\n<meta name=\"twitter:card\" content=\"summary_large_image\" \/>\n<meta name=\"twitter:label1\" content=\"Tempo estimado de leitura\" \/>\n\t<meta name=\"twitter:data1\" content=\"2 minutos\" \/>\n<script type=\"application\/ld+json\" class=\"yoast-schema-graph\">{\"@context\":\"https:\/\/schema.org\",\"@graph\":[{\"@type\":\"WebPage\",\"@id\":\"https:\/\/lisboainvestments.com\/us\/\",\"url\":\"https:\/\/lisboainvestments.com\/us\/\",\"name\":\"Lisboa Investments &#8212; Consultora de gest\u00e3o de empresas\",\"isPartOf\":{\"@id\":\"https:\/\/lisboainvestments.com\/us\/#website\"},\"datePublished\":\"2020-07-15T23:37:18+00:00\",\"dateModified\":\"2023-04-05T21:43:32+00:00\",\"description\":\"A Lisboa Investments \u00e9 uma consultora independente especializada em consultoria de gest\u00e3o e angaria\u00e7\u00e3o de capital.Transformamos ideias em neg\u00f3cios de sucesso\",\"breadcrumb\":{\"@id\":\"https:\/\/lisboainvestments.com\/us\/#breadcrumb\"},\"inLanguage\":\"pt-PT\",\"potentialAction\":[{\"@type\":\"ReadAction\",\"target\":[\"https:\/\/lisboainvestments.com\/us\/\"]}]},{\"@type\":\"BreadcrumbList\",\"@id\":\"https:\/\/lisboainvestments.com\/us\/#breadcrumb\",\"itemListElement\":[{\"@type\":\"ListItem\",\"position\":1,\"name\":\"In\u00edcio\",\"item\":\"https:\/\/lisboainvestments.com\/us\/\"},{\"@type\":\"ListItem\",\"position\":2,\"name\":\"Homepage US\"}]},{\"@type\":\"WebSite\",\"@id\":\"https:\/\/lisboainvestments.com\/us\/#website\",\"url\":\"https:\/\/lisboainvestments.com\/us\/\",\"name\":\"Lisboa Investments\",\"description\":\"Management consultant\",\"publisher\":{\"@id\":\"https:\/\/lisboainvestments.com\/us\/#organization\"},\"potentialAction\":[{\"@type\":\"SearchAction\",\"target\":{\"@type\":\"EntryPoint\",\"urlTemplate\":\"https:\/\/lisboainvestments.com\/us\/?s={search_term_string}\"},\"query-input\":\"required name=search_term_string\"}],\"inLanguage\":\"pt-PT\"},{\"@type\":\"Organization\",\"@id\":\"https:\/\/lisboainvestments.com\/us\/#organization\",\"name\":\"lisboainvestments\",\"url\":\"https:\/\/lisboainvestments.com\/us\/\",\"logo\":{\"@type\":\"ImageObject\",\"inLanguage\":\"pt-PT\",\"@id\":\"https:\/\/lisboainvestments.com\/us\/#\/schema\/logo\/image\/\",\"url\":\"https:\/\/www.lisboainvestments.com\/us\/wp-content\/uploads\/2018\/05\/icon.png\",\"contentUrl\":\"https:\/\/www.lisboainvestments.com\/us\/wp-content\/uploads\/2018\/05\/icon.png\",\"width\":512,\"height\":512,\"caption\":\"lisboainvestments\"},\"image\":{\"@id\":\"https:\/\/lisboainvestments.com\/us\/#\/schema\/logo\/image\/\"},\"sameAs\":[\"https:\/\/www.facebook.com\/Lisboa-Investments-553177191777294\/\"]}]}<\/script>\n<!-- \/ Yoast SEO plugin. -->","yoast_head_json":{"title":"Lisboa Investments &#8212; Consultora de gest\u00e3o de empresas","description":"A Lisboa Investments \u00e9 uma consultora independente especializada em consultoria de gest\u00e3o e angaria\u00e7\u00e3o de capital.Transformamos ideias em neg\u00f3cios de sucesso","robots":{"index":"index","follow":"follow","max-snippet":"max-snippet:-1","max-image-preview":"max-image-preview:large","max-video-preview":"max-video-preview:-1"},"canonical":"https:\/\/lisboainvestments.com\/us\/","og_locale":"pt_PT","og_type":"article","og_title":"Lisboa Investments &#8212; Consultora de gest\u00e3o de empresas","og_description":"A Lisboa Investments \u00e9 uma consultora independente especializada em consultoria de gest\u00e3o e angaria\u00e7\u00e3o de capital.Transformamos ideias em neg\u00f3cios de sucesso","og_url":"https:\/\/lisboainvestments.com\/us\/","og_site_name":"Lisboa Investments","article_publisher":"https:\/\/www.facebook.com\/Lisboa-Investments-553177191777294\/","article_modified_time":"2023-04-05T21:43:32+00:00","twitter_card":"summary_large_image","twitter_misc":{"Tempo estimado de leitura":"2 minutos"},"schema":{"@context":"https:\/\/schema.org","@graph":[{"@type":"WebPage","@id":"https:\/\/lisboainvestments.com\/us\/","url":"https:\/\/lisboainvestments.com\/us\/","name":"Lisboa Investments &#8212; Consultora de gest\u00e3o de empresas","isPartOf":{"@id":"https:\/\/lisboainvestments.com\/us\/#website"},"datePublished":"2020-07-15T23:37:18+00:00","dateModified":"2023-04-05T21:43:32+00:00","description":"A Lisboa Investments \u00e9 uma consultora independente especializada em consultoria de gest\u00e3o e angaria\u00e7\u00e3o de capital.Transformamos ideias em neg\u00f3cios de sucesso","breadcrumb":{"@id":"https:\/\/lisboainvestments.com\/us\/#breadcrumb"},"inLanguage":"pt-PT","potentialAction":[{"@type":"ReadAction","target":["https:\/\/lisboainvestments.com\/us\/"]}]},{"@type":"BreadcrumbList","@id":"https:\/\/lisboainvestments.com\/us\/#breadcrumb","itemListElement":[{"@type":"ListItem","position":1,"name":"In\u00edcio","item":"https:\/\/lisboainvestments.com\/us\/"},{"@type":"ListItem","position":2,"name":"Homepage US"}]},{"@type":"WebSite","@id":"https:\/\/lisboainvestments.com\/us\/#website","url":"https:\/\/lisboainvestments.com\/us\/","name":"Lisboa Investments","description":"Management consultant","publisher":{"@id":"https:\/\/lisboainvestments.com\/us\/#organization"},"potentialAction":[{"@type":"SearchAction","target":{"@type":"EntryPoint","urlTemplate":"https:\/\/lisboainvestments.com\/us\/?s={search_term_string}"},"query-input":"required name=search_term_string"}],"inLanguage":"pt-PT"},{"@type":"Organization","@id":"https:\/\/lisboainvestments.com\/us\/#organization","name":"lisboainvestments","url":"https:\/\/lisboainvestments.com\/us\/","logo":{"@type":"ImageObject","inLanguage":"pt-PT","@id":"https:\/\/lisboainvestments.com\/us\/#\/schema\/logo\/image\/","url":"https:\/\/www.lisboainvestments.com\/us\/wp-content\/uploads\/2018\/05\/icon.png","contentUrl":"https:\/\/www.lisboainvestments.com\/us\/wp-content\/uploads\/2018\/05\/icon.png","width":512,"height":512,"caption":"lisboainvestments"},"image":{"@id":"https:\/\/lisboainvestments.com\/us\/#\/schema\/logo\/image\/"},"sameAs":["https:\/\/www.facebook.com\/Lisboa-Investments-553177191777294\/"]}]}},"_links":{"self":[{"href":"https:\/\/lisboainvestments.com\/us\/wp-json\/wp\/v2\/pages\/589"}],"collection":[{"href":"https:\/\/lisboainvestments.com\/us\/wp-json\/wp\/v2\/pages"}],"about":[{"href":"https:\/\/lisboainvestments.com\/us\/wp-json\/wp\/v2\/types\/page"}],"author":[{"embeddable":true,"href":"https:\/\/lisboainvestments.com\/us\/wp-json\/wp\/v2\/users\/2"}],"replies":[{"embeddable":true,"href":"https:\/\/lisboainvestments.com\/us\/wp-json\/wp\/v2\/comments?post=589"}],"version-history":[{"count":19,"href":"https:\/\/lisboainvestments.com\/us\/wp-json\/wp\/v2\/pages\/589\/revisions"}],"predecessor-version":[{"id":1448,"href":"https:\/\/lisboainvestments.com\/us\/wp-json\/wp\/v2\/pages\/589\/revisions\/1448"}],"wp:attachment":[{"href":"https:\/\/lisboainvestments.com\/us\/wp-json\/wp\/v2\/media?parent=589"}],"curies":[{"name":"wp","href":"https:\/\/api.w.org\/{rel}","templated":true}]}}